{"id":4210,"date":"2018-10-15T16:38:12","date_gmt":"2018-10-15T13:38:12","guid":{"rendered":"http:\/\/in-spain-real-estate.com\/?page_id=4210"},"modified":"2026-01-29T21:09:10","modified_gmt":"2026-01-29T18:09:10","slug":"gelismis-arama","status":"publish","type":"page","link":"https:\/\/montenegro-real-estate.com\/tr\/advanced-search\/","title":{"rendered":"Geli\u015fmi\u015f Arama"},"content":{"rendered":"<div data-elementor-type=\"wp-page\" data-elementor-id=\"4210\" class=\"elementor elementor-4210\">\n\t\t\t\t\t\t<section class=\"elementor-section elementor-top-section elementor-element elementor-element-f57f32b elementor-section-boxed elementor-section-height-default elementor-section-height-default\" data-id=\"f57f32b\" data-element_type=\"section\" data-e-type=\"section\">\n\t\t\t\t\t\t<div class=\"elementor-container elementor-column-gap-default\">\n\t\t\t\t\t<div class=\"elementor-column elementor-col-100 elementor-top-column elementor-element elementor-element-2bc5b1d\" data-id=\"2bc5b1d\" data-element_type=\"column\" data-e-type=\"column\">\n\t\t\t<div class=\"elementor-widget-wrap elementor-element-populated\">\n\t\t\t\t\t\t<div class=\"elementor-element elementor-element-754d4b2 elementor-widget elementor-widget-text-editor\" data-id=\"754d4b2\" data-element_type=\"widget\" data-e-type=\"widget\" data-widget_type=\"text-editor.default\">\n\t\t\t\t\t\t\t\t\t<p>M\u00fckemmelini bulun <a href=\"https:\/\/montenegro-real-estate.com\/tr\/real-estate-catalog\/\">m\u00fclk<\/a> , <a href=\"https:\/\/g.co\/kgs\/BSyW41y\">Karada\u011f<\/a> arac\u0131m\u0131zla <strong data-start=\"66\" data-end=\"85\">Geli\u015fmi\u015f Arama<\/strong> Konum, fiyat, m\u00fclk tipi ve daha fazlas\u0131na g\u00f6re filtreleyerek sat\u0131l\u0131k villalar, daireler ve arsalar\u0131 ke\u015ffedin. Arama yapmaya hemen ba\u015flay\u0131n!<\/p>\t\t\t\t\t\t\t\t<\/div>\n\t\t\t\t\t<\/div>\n\t\t<\/div>\n\t\t\t\t\t<\/div>\n\t\t<\/section>\n\t\t\t\t<\/div>","protected":false},"excerpt":{"rendered":"<p>Geli\u015fmi\u015f Arama arac\u0131m\u0131zla Karada\u011f'da m\u00fckemmel m\u00fclk\u00fcn\u00fcz\u00fc bulun. Konum, fiyat, m\u00fclk tipi ve daha fazlas\u0131na g\u00f6re ilanlar\u0131 filtreleyerek sat\u0131l\u0131k villalar, daireler ve arsalar\u0131 ke\u015ffedin. Araman\u0131za hemen ba\u015flay\u0131n!<\/p>","protected":false},"author":1,"featured_media":45604,"parent":0,"menu_order":0,"comment_status":"closed","ping_status":"closed","template":"template\/template-search.php","meta":{"footnotes":""},"class_list":["post-4210","page","type-page","status-publish","has-post-thumbnail","hentry"],"_links":{"self":[{"href":"https:\/\/montenegro-real-estate.com\/tr\/wp-json\/wp\/v2\/pages\/4210","targetHints":{"allow":["GET"]}}],"collection":[{"href":"https:\/\/montenegro-real-estate.com\/tr\/wp-json\/wp\/v2\/pages"}],"about":[{"href":"https:\/\/montenegro-real-estate.com\/tr\/wp-json\/wp\/v2\/types\/page"}],"author":[{"embeddable":true,"href":"https:\/\/montenegro-real-estate.com\/tr\/wp-json\/wp\/v2\/users\/1"}],"replies":[{"embeddable":true,"href":"https:\/\/montenegro-real-estate.com\/tr\/wp-json\/wp\/v2\/comments?post=4210"}],"version-history":[{"count":0,"href":"https:\/\/montenegro-real-estate.com\/tr\/wp-json\/wp\/v2\/pages\/4210\/revisions"}],"wp:featuredmedia":[{"embeddable":true,"href":"https:\/\/montenegro-real-estate.com\/tr\/wp-json\/wp\/v2\/media\/45604"}],"wp:attachment":[{"href":"https:\/\/montenegro-real-estate.com\/tr\/wp-json\/wp\/v2\/media?parent=4210"}],"curies":[{"name":"wp","href":"https:\/\/api.w.org\/{rel}","templated":true}]}}