{"id":4210,"date":"2018-10-15T16:38:12","date_gmt":"2018-10-15T13:38:12","guid":{"rendered":"http:\/\/in-spain-real-estate.com\/?page_id=4210"},"modified":"2026-01-29T21:09:10","modified_gmt":"2026-01-29T18:09:10","slug":"zaawansowane-wyszukiwanie","status":"publish","type":"page","link":"https:\/\/montenegro-real-estate.com\/pl\/advanced-search\/","title":{"rendered":"Zaawansowane wyszukiwanie"},"content":{"rendered":"<div data-elementor-type=\"wp-page\" data-elementor-id=\"4210\" class=\"elementor elementor-4210\">\n\t\t\t\t\t\t<section class=\"elementor-section elementor-top-section elementor-element elementor-element-f57f32b elementor-section-boxed elementor-section-height-default elementor-section-height-default\" data-id=\"f57f32b\" data-element_type=\"section\" data-e-type=\"section\">\n\t\t\t\t\t\t<div class=\"elementor-container elementor-column-gap-default\">\n\t\t\t\t\t<div class=\"elementor-column elementor-col-100 elementor-top-column elementor-element elementor-element-2bc5b1d\" data-id=\"2bc5b1d\" data-element_type=\"column\" data-e-type=\"column\">\n\t\t\t<div class=\"elementor-widget-wrap elementor-element-populated\">\n\t\t\t\t\t\t<div class=\"elementor-element elementor-element-754d4b2 elementor-widget elementor-widget-text-editor\" data-id=\"754d4b2\" data-element_type=\"widget\" data-e-type=\"widget\" data-widget_type=\"text-editor.default\">\n\t\t\t\t\t\t\t\t\t<p>Znajd\u017a idealn\u0105 <a href=\"https:\/\/montenegro-real-estate.com\/pl\/real-estate-catalog\/\">nieruchomo\u015b\u0107<\/a> w <a href=\"https:\/\/g.co\/kgs\/BSyW41y\">Czarnog\u00f3rze<\/a> dzi\u0119ki naszemu <strong data-start=\"66\" data-end=\"85\">Zaawansowane wyszukiwanie<\/strong> narz\u0119dziu. Filtruj og\u0142oszenia wed\u0142ug lokalizacji, ceny, typu nieruchomo\u015bci i innych kryteri\u00f3w, aby odkry\u0107 wille, apartamenty i dzia\u0142ki na sprzeda\u017c. Rozpocznij poszukiwania ju\u017c dzi\u015b!<\/p>\t\t\t\t\t\t\t\t<\/div>\n\t\t\t\t\t<\/div>\n\t\t<\/div>\n\t\t\t\t\t<\/div>\n\t\t<\/section>\n\t\t\t\t<\/div>","protected":false},"excerpt":{"rendered":"<p>Znajd\u017a swoj\u0105 idealn\u0105 nieruchomo\u015b\u0107 w Czarnog\u00f3rze dzi\u0119ki naszemu zaawansowanemu narz\u0119dziu wyszukiwania. Filtruj og\u0142oszenia wed\u0142ug lokalizacji, ceny, typu nieruchomo\u015bci i innych kryteri\u00f3w, aby odkry\u0107 wille, apartamenty i dzia\u0142ki na sprzeda\u017c. Rozpocznij poszukiwania ju\u017c dzi\u015b!<\/p>","protected":false},"author":1,"featured_media":45604,"parent":0,"menu_order":0,"comment_status":"closed","ping_status":"closed","template":"template\/template-search.php","meta":{"footnotes":""},"class_list":["post-4210","page","type-page","status-publish","has-post-thumbnail","hentry"],"_links":{"self":[{"href":"https:\/\/montenegro-real-estate.com\/pl\/wp-json\/wp\/v2\/pages\/4210","targetHints":{"allow":["GET"]}}],"collection":[{"href":"https:\/\/montenegro-real-estate.com\/pl\/wp-json\/wp\/v2\/pages"}],"about":[{"href":"https:\/\/montenegro-real-estate.com\/pl\/wp-json\/wp\/v2\/types\/page"}],"author":[{"embeddable":true,"href":"https:\/\/montenegro-real-estate.com\/pl\/wp-json\/wp\/v2\/users\/1"}],"replies":[{"embeddable":true,"href":"https:\/\/montenegro-real-estate.com\/pl\/wp-json\/wp\/v2\/comments?post=4210"}],"version-history":[{"count":0,"href":"https:\/\/montenegro-real-estate.com\/pl\/wp-json\/wp\/v2\/pages\/4210\/revisions"}],"wp:featuredmedia":[{"embeddable":true,"href":"https:\/\/montenegro-real-estate.com\/pl\/wp-json\/wp\/v2\/media\/45604"}],"wp:attachment":[{"href":"https:\/\/montenegro-real-estate.com\/pl\/wp-json\/wp\/v2\/media?parent=4210"}],"curies":[{"name":"wp","href":"https:\/\/api.w.org\/{rel}","templated":true}]}}